{"id":5,"date":"2021-04-13T17:35:56","date_gmt":"2021-04-13T17:35:56","guid":{"rendered":"http:\/\/www.stefanosciale.it\/blog\/?page_id=5"},"modified":"2025-07-05T15:57:03","modified_gmt":"2025-07-05T13:57:03","slug":"12-aprile-2021","status":"publish","type":"page","link":"https:\/\/www.stefanosciale.it\/blog\/","title":{"rendered":"Ciao Stefano"},"content":{"rendered":"<p><img loading=\"lazy\" decoding=\"async\" class=\"alignnone wp-image-139 size-large\" src=\"https:\/\/www.stefanosciale.it\/blog\/wp-content\/uploads\/2025\/07\/SS-portogallo-1024x606.png\" alt=\"\" width=\"750\" height=\"444\" srcset=\"https:\/\/www.stefanosciale.it\/blog\/wp-content\/uploads\/2025\/07\/SS-portogallo-1024x606.png 1024w, https:\/\/www.stefanosciale.it\/blog\/wp-content\/uploads\/2025\/07\/SS-portogallo-300x177.png 300w, https:\/\/www.stefanosciale.it\/blog\/wp-content\/uploads\/2025\/07\/SS-portogallo-768x454.png 768w, https:\/\/www.stefanosciale.it\/blog\/wp-content\/uploads\/2025\/07\/SS-portogallo-1536x909.png 1536w, https:\/\/www.stefanosciale.it\/blog\/wp-content\/uploads\/2025\/07\/SS-portogallo-1568x928.png 1568w, https:\/\/www.stefanosciale.it\/blog\/wp-content\/uploads\/2025\/07\/SS-portogallo.png 1846w\" sizes=\"auto, (max-width: 750px) 100vw, 750px\" \/><\/p>\n<p>Luned\u00ec 12 aprile 2021 \u00e8 stato celebrato il funerale di Stefano Scial\u00e8 a Monterubbiano sotto un cielo piuttosto contrastato. E\u2019 stato triste come si pu\u00f2 immaginare, e passer\u00e0 lasciando un po\u2019 di solitudine nei cuori di chi a Stefano voleva bene e vivr\u00e0, d\u2019ora in poi, la sua assenza.<\/p>\n<p>Per i nativi analogici, quelli nati prima di internet, le amicizie sono poco virtuali e con Stefano la mia era istintiva, senza bisogno di consensi, come le mani del pianista che non aspettano conferme dal cervello per suonare. Cos\u00ec con Stefano l\u2019intesa era musica generalmente originale, armonica o dissonante.<\/p>\n<p>Sapeva farsi amare con un metodo tutto suo, anche a causa di un cuore nato indebolito, si poneva a priori in una condizione di prudenza evitando ogni possibile competizione. Alla sfida preferiva l\u2019accordo, la concorrenza non rientrava nella sua normalit\u00e0 e privilegiava l\u2019ascolto. Con me ed altri amici sosteneva <em>\u201cTu sei quello che ha saputo gestire meglio di me le cose della vita\u201d.<\/em> Con elegante leggerezza si dichiarava naturalmente \u201cinadeguato\u201d a molte cose della vita degli altri. La critica verso se stesso era severa e di riflesso ti stimolava ad essere migliore!<\/p>\n<p>Sono passati troppi anni e la memoria \u00e8 frammentata, sarebbe utile l\u2019aiuto delle stampe fotografiche e delle registrazioni magnetiche. Ricordo meglio i tempi recenti di Stefano tornato figlio per badare la mamma. <em>\u201cScusatemi devo andare a mettere a letto la bambina\u201d<\/em> poteva dire riferendosi alla mamma non pi\u00f9 auto-sufficiente con cui conviveva. In questo Stefano \u201cinadeguato\u201d \u00e8 stato particolarmente generoso e determinato.<\/p>\n<p>In una famiglia separata i figli possono diventare punti di riferimento e Stefano pap\u00e0 \u00e8 stato un uomo sorprendente. Con un impiego ad oltre un centinaio di km giornalieri, aggiungeva altre decine di km per frequentare continuamente il figlio presso l\u2019ex-moglie. Anche in questo Stefano \u201cinadeguato\u201d \u00e8 stato costante e determinato.<\/p>\n<p>Almeno una volta all\u2019anno, Stefano indossava una tuta sportiva e, presto al mattino, seguiva me e i nostri figli per lunghe pedalate tra le piste ciclabili italiane. Chi va in bici in gruppo conosce un non-segreto: la velocit\u00e0, il ritmo, le soste lungo il percorso non sono decise da chi pedala in testa, ma da chi pedala in coda. Il gruppo si adegua sempre all\u2019ultimo, altrimenti non \u00e8 gruppo. Stefano \u201cinadeguato\u201d ci ha accompagnato per centinaia di km, ed anche in questo \u00e8 stato pi\u00f9 resistente e determinato di altri.<\/p>\n<p>Stefano ha regalato, non solo a me, la parte migliore di se stesso: era un \u201cartista\u201d d\u2019altri tempi. Le ragioni di un matrimonio non riuscito, non hanno mai occupato il prezioso tempo passato insieme dedicato alla sorpresa di essere pap\u00e0 e vedere i nostri figli crescere, e noi con loro.<\/p>\n<p>Abbiamo fatto molte scelte sapendo di aver escluso altre opportunit\u00e0 e siamo diventati quel che siamo, o siamo stati. Abbiamo rimuginato su presunte manchevolezze, anche distorte dal ricordo. Non so se potevamo essere migliori, ma sento che Stefano \u00e8 stato migliore di me!<\/p>\n<p>Quando non \u00e8 uscito vivo dalla sala operatoria per l\u2019intervento programmato del 10 aprile 2021 le mie gambe hanno tremato ed ho avuto paura. La nostra preziosa vita pu\u00f2 finire anche senza preavvisi ed \u00e8\u00a0appesa a fili delicatissimi. Non c\u2019\u00e8 tempo\u00a0per vivere risentimenti e\u00a0non\u00a0c\u2019\u00e8 tempo per rimandare ogni singola occasione per volerci bene.<\/p>\n<p>Buon viaggio Stefano,<\/p>\n<p>Francesco<\/p>\n<p><em>\u00a0<\/em><\/p>\n<p><em>A che serve st\u00e0&#8217; accuss\u00ec <\/em><\/p>\n<p><em>sempre &#8216;ncazzati ma po&#8217; pe chi <\/em><\/p>\n<p><em>oggi fa&#8217; friddo e nun voglio asc\u00ec&#8217; <\/em><\/p>\n<p><em>A che serve sta accuss\u00ec <\/em><\/p>\n<p><em>sempe &#8216;ncazzati ma po&#8217; pe chi <\/em><\/p>\n<p><em>fora fa&#8217; friddo&#8230; <\/em><\/p>\n<p><em>Nun me scocci\u00e0&#8217; <\/em><\/p>\n<p><em>nun me scocci\u00e0&#8217; <\/em><\/p>\n<p><em>statte quieto ca po vene &#8216;a sete <\/em><\/p>\n<p><em>a furia &#8216;e parl\u00e0&#8217; <\/em><\/p>\n<p><em>Nun me scocci\u00e0&#8217; cchi\u00f9 <\/em><\/p>\n<p><em>tanto muore pure tu&#8230;<\/em><\/p>\n","protected":false},"excerpt":{"rendered":"<p>Luned\u00ec 12 aprile 2021 \u00e8 stato celebrato il funerale di Stefano Scial\u00e8 a Monterubbiano sotto un cielo piuttosto contrastato. E\u2019 stato triste come si pu\u00f2 immaginare, e passer\u00e0 lasciando un po\u2019 di solitudine nei cuori di chi a Stefano voleva bene e vivr\u00e0, d\u2019ora in poi, la sua assenza. Per i nativi analogici, quelli nati&hellip; <a class=\"more-link\" href=\"https:\/\/www.stefanosciale.it\/blog\/\">Continua a leggere <span class=\"screen-reader-text\">Ciao Stefano<\/span><\/a><\/p>\n","protected":false},"author":1,"featured_media":0,"parent":0,"menu_order":0,"comment_status":"open","ping_status":"open","template":"","meta":{"_exactmetrics_skip_tracking":false,"_exactmetrics_sitenote_active":false,"_exactmetrics_sitenote_note":"","_exactmetrics_sitenote_category":0,"_uf_show_specific_survey":0,"_uf_disable_surveys":false,"footnotes":""},"class_list":["post-5","page","type-page","status-publish","hentry","entry"],"yoast_head":"<!-- This site is optimized with the Yoast SEO plugin v25.4 - https:\/\/yoast.com\/wordpress\/plugins\/seo\/ -->\n<title>Ciao Stefano - Stefano Scial&egrave;<\/title>\n<meta name=\"description\" content=\"Il saluto di alcuni amici a Stefano Scial\u00e8 geologo e artista di Monterubbiano che il 10 aprile 2021 ci ha lasciato.\" \/>\n<meta name=\"robots\" content=\"index, follow, max-snippet:-1, max-image-preview:large, max-video-preview:-1\" \/>\n<link rel=\"canonical\" href=\"https:\/\/www.stefanosciale.it\/blog\/\" \/>\n<meta property=\"og:locale\" content=\"it_IT\" \/>\n<meta property=\"og:type\" content=\"article\" \/>\n<meta property=\"og:title\" content=\"Ciao Stefano - Stefano Scial&egrave;\" \/>\n<meta property=\"og:description\" content=\"Il saluto di alcuni amici a Stefano Scial\u00e8 geologo e artista di Monterubbiano che il 10 aprile 2021 ci ha lasciato.\" \/>\n<meta property=\"og:url\" content=\"https:\/\/www.stefanosciale.it\/blog\/\" \/>\n<meta property=\"og:site_name\" content=\"Stefano Scial&egrave;\" \/>\n<meta property=\"article:modified_time\" content=\"2025-07-05T13:57:03+00:00\" \/>\n<meta property=\"og:image\" content=\"https:\/\/www.stefanosciale.it\/blog\/wp-content\/uploads\/2025\/07\/SS-portogallo.png\" \/>\n\t<meta property=\"og:image:width\" content=\"1846\" \/>\n\t<meta property=\"og:image:height\" content=\"1092\" \/>\n\t<meta property=\"og:image:type\" content=\"image\/png\" \/>\n<meta name=\"twitter:card\" content=\"summary_large_image\" \/>\n<meta name=\"twitter:label1\" content=\"Tempo di lettura stimato\" \/>\n\t<meta name=\"twitter:data1\" content=\"3 minuti\" \/>\n<script type=\"application\/ld+json\" class=\"yoast-schema-graph\">{\"@context\":\"https:\/\/schema.org\",\"@graph\":[{\"@type\":\"WebPage\",\"@id\":\"https:\/\/www.stefanosciale.it\/blog\/\",\"url\":\"https:\/\/www.stefanosciale.it\/blog\/\",\"name\":\"Ciao Stefano - Stefano Scial&egrave;\",\"isPartOf\":{\"@id\":\"https:\/\/www.stefanosciale.it\/blog\/#website\"},\"primaryImageOfPage\":{\"@id\":\"https:\/\/www.stefanosciale.it\/blog\/#primaryimage\"},\"image\":{\"@id\":\"https:\/\/www.stefanosciale.it\/blog\/#primaryimage\"},\"thumbnailUrl\":\"https:\/\/www.stefanosciale.it\/blog\/wp-content\/uploads\/2025\/07\/SS-portogallo-1024x606.png\",\"datePublished\":\"2021-04-13T17:35:56+00:00\",\"dateModified\":\"2025-07-05T13:57:03+00:00\",\"description\":\"Il saluto di alcuni amici a Stefano Scial\u00e8 geologo e artista di Monterubbiano che il 10 aprile 2021 ci ha lasciato.\",\"breadcrumb\":{\"@id\":\"https:\/\/www.stefanosciale.it\/blog\/#breadcrumb\"},\"inLanguage\":\"it-IT\",\"potentialAction\":[{\"@type\":\"ReadAction\",\"target\":[\"https:\/\/www.stefanosciale.it\/blog\/\"]}]},{\"@type\":\"ImageObject\",\"inLanguage\":\"it-IT\",\"@id\":\"https:\/\/www.stefanosciale.it\/blog\/#primaryimage\",\"url\":\"https:\/\/www.stefanosciale.it\/blog\/wp-content\/uploads\/2025\/07\/SS-portogallo.png\",\"contentUrl\":\"https:\/\/www.stefanosciale.it\/blog\/wp-content\/uploads\/2025\/07\/SS-portogallo.png\",\"width\":1846,\"height\":1092},{\"@type\":\"BreadcrumbList\",\"@id\":\"https:\/\/www.stefanosciale.it\/blog\/#breadcrumb\",\"itemListElement\":[{\"@type\":\"ListItem\",\"position\":1,\"name\":\"Home\",\"item\":\"https:\/\/www.stefanosciale.it\/blog\/\"},{\"@type\":\"ListItem\",\"position\":2,\"name\":\"Ciao Stefano\"}]},{\"@type\":\"WebSite\",\"@id\":\"https:\/\/www.stefanosciale.it\/blog\/#website\",\"url\":\"https:\/\/www.stefanosciale.it\/blog\/\",\"name\":\"Stefano Scial&egrave;\",\"description\":\"un Artista di Monterubbiano\",\"potentialAction\":[{\"@type\":\"SearchAction\",\"target\":{\"@type\":\"EntryPoint\",\"urlTemplate\":\"https:\/\/www.stefanosciale.it\/blog\/?s={search_term_string}\"},\"query-input\":{\"@type\":\"PropertyValueSpecification\",\"valueRequired\":true,\"valueName\":\"search_term_string\"}}],\"inLanguage\":\"it-IT\"}]}<\/script>\n<!-- \/ Yoast SEO plugin. -->","yoast_head_json":{"title":"Ciao Stefano - Stefano Scial&egrave;","description":"Il saluto di alcuni amici a Stefano Scial\u00e8 geologo e artista di Monterubbiano che il 10 aprile 2021 ci ha lasciato.","robots":{"index":"index","follow":"follow","max-snippet":"max-snippet:-1","max-image-preview":"max-image-preview:large","max-video-preview":"max-video-preview:-1"},"canonical":"https:\/\/www.stefanosciale.it\/blog\/","og_locale":"it_IT","og_type":"article","og_title":"Ciao Stefano - Stefano Scial&egrave;","og_description":"Il saluto di alcuni amici a Stefano Scial\u00e8 geologo e artista di Monterubbiano che il 10 aprile 2021 ci ha lasciato.","og_url":"https:\/\/www.stefanosciale.it\/blog\/","og_site_name":"Stefano Scial&egrave;","article_modified_time":"2025-07-05T13:57:03+00:00","og_image":[{"width":1846,"height":1092,"url":"https:\/\/www.stefanosciale.it\/blog\/wp-content\/uploads\/2025\/07\/SS-portogallo.png","type":"image\/png"}],"twitter_card":"summary_large_image","twitter_misc":{"Tempo di lettura stimato":"3 minuti"},"schema":{"@context":"https:\/\/schema.org","@graph":[{"@type":"WebPage","@id":"https:\/\/www.stefanosciale.it\/blog\/","url":"https:\/\/www.stefanosciale.it\/blog\/","name":"Ciao Stefano - Stefano Scial&egrave;","isPartOf":{"@id":"https:\/\/www.stefanosciale.it\/blog\/#website"},"primaryImageOfPage":{"@id":"https:\/\/www.stefanosciale.it\/blog\/#primaryimage"},"image":{"@id":"https:\/\/www.stefanosciale.it\/blog\/#primaryimage"},"thumbnailUrl":"https:\/\/www.stefanosciale.it\/blog\/wp-content\/uploads\/2025\/07\/SS-portogallo-1024x606.png","datePublished":"2021-04-13T17:35:56+00:00","dateModified":"2025-07-05T13:57:03+00:00","description":"Il saluto di alcuni amici a Stefano Scial\u00e8 geologo e artista di Monterubbiano che il 10 aprile 2021 ci ha lasciato.","breadcrumb":{"@id":"https:\/\/www.stefanosciale.it\/blog\/#breadcrumb"},"inLanguage":"it-IT","potentialAction":[{"@type":"ReadAction","target":["https:\/\/www.stefanosciale.it\/blog\/"]}]},{"@type":"ImageObject","inLanguage":"it-IT","@id":"https:\/\/www.stefanosciale.it\/blog\/#primaryimage","url":"https:\/\/www.stefanosciale.it\/blog\/wp-content\/uploads\/2025\/07\/SS-portogallo.png","contentUrl":"https:\/\/www.stefanosciale.it\/blog\/wp-content\/uploads\/2025\/07\/SS-portogallo.png","width":1846,"height":1092},{"@type":"BreadcrumbList","@id":"https:\/\/www.stefanosciale.it\/blog\/#breadcrumb","itemListElement":[{"@type":"ListItem","position":1,"name":"Home","item":"https:\/\/www.stefanosciale.it\/blog\/"},{"@type":"ListItem","position":2,"name":"Ciao Stefano"}]},{"@type":"WebSite","@id":"https:\/\/www.stefanosciale.it\/blog\/#website","url":"https:\/\/www.stefanosciale.it\/blog\/","name":"Stefano Scial&egrave;","description":"un Artista di Monterubbiano","potentialAction":[{"@type":"SearchAction","target":{"@type":"EntryPoint","urlTemplate":"https:\/\/www.stefanosciale.it\/blog\/?s={search_term_string}"},"query-input":{"@type":"PropertyValueSpecification","valueRequired":true,"valueName":"search_term_string"}}],"inLanguage":"it-IT"}]}},"jetpack_likes_enabled":true,"jetpack_sharing_enabled":true,"_links":{"self":[{"href":"https:\/\/www.stefanosciale.it\/blog\/wp-json\/wp\/v2\/pages\/5","targetHints":{"allow":["GET"]}}],"collection":[{"href":"https:\/\/www.stefanosciale.it\/blog\/wp-json\/wp\/v2\/pages"}],"about":[{"href":"https:\/\/www.stefanosciale.it\/blog\/wp-json\/wp\/v2\/types\/page"}],"author":[{"embeddable":true,"href":"https:\/\/www.stefanosciale.it\/blog\/wp-json\/wp\/v2\/users\/1"}],"replies":[{"embeddable":true,"href":"https:\/\/www.stefanosciale.it\/blog\/wp-json\/wp\/v2\/comments?post=5"}],"version-history":[{"count":31,"href":"https:\/\/www.stefanosciale.it\/blog\/wp-json\/wp\/v2\/pages\/5\/revisions"}],"predecessor-version":[{"id":145,"href":"https:\/\/www.stefanosciale.it\/blog\/wp-json\/wp\/v2\/pages\/5\/revisions\/145"}],"wp:attachment":[{"href":"https:\/\/www.stefanosciale.it\/blog\/wp-json\/wp\/v2\/media?parent=5"}],"curies":[{"name":"wp","href":"https:\/\/api.w.org\/{rel}","templated":true}]}}